{"id":2,"date":"2010-01-22T15:30:46","date_gmt":"2010-01-22T15:30:46","guid":{"rendered":"http:\/\/wacky.lima-city.de\/mine\/?page_id=2"},"modified":"2010-11-05T18:21:24","modified_gmt":"2010-11-05T17:21:24","slug":"eine-seite","status":"publish","type":"page","link":"https:\/\/wacky.lima-city.de\/mine\/?page_id=2","title":{"rendered":"Hintergrundinformationen"},"content":{"rendered":"<p>Nachdem ich Ende der neunziger Jahre mein eigenes G\u00e4stebuch programmiert habe und das dann in Frankreich zu einem eigenem CMS auf PHP basierend erweiterte, war es irgendwann mit der sch\u00f6nen Internetwelt zu Ende. Immer mehr Spam \u00fcberflutete meine Beitr\u00e4ge und das G\u00e4stebuch. Als dann auch das erste Blog, das ich aufgesetzt hatte, den Spambots nicht mehr standhielt, beschloss ich, auf WordPress auszuweichen.<\/p>\n<p>Seitdem ich hier bin, h\u00e4lt sich der Spam ziemlich in Grenzen, aber der gro\u00dfe Motivationsschub ist auch vorbei. Von Zeit zu Zeit findet ihr hier von mir gro\u00dfe oder kleine Gedanken zur Welt, falls ich den Eindruck habe, dass ich sie gefahrlos mit dem anonymen Netz teilen kann und dass sie auch f\u00fcr den ein oder anderen lesenwert sind.<\/p>\n<p>Zu treffen bin ich also am einfachsten in der realen Welt&#8230;bis dahin also!\u00a0 \ud83d\ude42<\/p>\n","protected":false},"excerpt":{"rendered":"<p>Nachdem ich Ende der neunziger Jahre mein eigenes G\u00e4stebuch programmiert habe und das dann in Frankreich zu einem eigenem CMS auf PHP basierend erweiterte, war es irgendwann mit der sch\u00f6nen Internetwelt zu Ende. Immer mehr Spam \u00fcberflutete meine Beitr\u00e4ge und &hellip; <a href=\"https:\/\/wacky.lima-city.de\/mine\/?page_id=2\">Weiterlesen <span class=\"meta-nav\">&rarr;<\/span><\/a><\/p>\n","protected":false},"author":1,"featured_media":0,"parent":0,"menu_order":0,"comment_status":"open","ping_status":"open","template":"","meta":{"spay_email":""},"_links":{"self":[{"href":"https:\/\/wacky.lima-city.de\/mine\/index.php?rest_route=\/wp\/v2\/pages\/2"}],"collection":[{"href":"https:\/\/wacky.lima-city.de\/mine\/index.php?rest_route=\/wp\/v2\/pages"}],"about":[{"href":"https:\/\/wacky.lima-city.de\/mine\/index.php?rest_route=\/wp\/v2\/types\/page"}],"author":[{"embeddable":true,"href":"https:\/\/wacky.lima-city.de\/mine\/index.php?rest_route=\/wp\/v2\/users\/1"}],"replies":[{"embeddable":true,"href":"https:\/\/wacky.lima-city.de\/mine\/index.php?rest_route=%2Fwp%2Fv2%2Fcomments&post=2"}],"version-history":[{"count":3,"href":"https:\/\/wacky.lima-city.de\/mine\/index.php?rest_route=\/wp\/v2\/pages\/2\/revisions"}],"predecessor-version":[{"id":60,"href":"https:\/\/wacky.lima-city.de\/mine\/index.php?rest_route=\/wp\/v2\/pages\/2\/revisions\/60"}],"wp:attachment":[{"href":"https:\/\/wacky.lima-city.de\/mine\/index.php?rest_route=%2Fwp%2Fv2%2Fmedia&parent=2"}],"curies":[{"name":"wp","href":"https:\/\/api.w.org\/{rel}","templated":true}]}}